{"id":610,"date":"2016-11-03T13:28:59","date_gmt":"2016-11-03T15:28:59","guid":{"rendered":"http:\/\/translogic.dv.themerex.net\/?page_id=2"},"modified":"2021-12-15T09:23:35","modified_gmt":"2021-12-15T12:23:35","slug":"home","status":"publish","type":"page","link":"https:\/\/clientestrafego.com.br\/redeconfio\/","title":{"rendered":"Home"},"content":{"rendered":"<p>[vc_row][vc_column][rev_slider_vc alias=&#8221;home-1&#8243;][\/vc_column][\/vc_row][vc_row full_width=&#8221;stretch_row&#8221; content_placement=&#8221;middle&#8221; css=&#8221;.vc_custom_1638552629895{padding-top: 6em !important;padding-bottom: 6em !important;background-color: #f7f6f2 !important;}&#8221; el_class=&#8221;bg-div-especial&#8221;][vc_column width=&#8221;1\/2&#8243; el_id=&#8221;bg-height-tamanho&#8221;][vc_column_text css=&#8221;.vc_custom_1638447088459{margin-bottom: 20px !important;}&#8221;]UMA EMPRESA DO <b style=\"color: #006285;\">GRUPO LAHUMAN<\/b>[\/vc_column_text][vc_column_text css=&#8221;.vc_custom_1638447819482{margin-bottom: 20px !important;}&#8221;]<span style=\"color: #002453; font-size: 2em; font-weight: bold;\">Confio Redes de Prote\u00e7\u00e3o<\/span>[\/vc_column_text][vc_column_text css=&#8221;.vc_custom_1638447099282{margin-bottom: 20px !important;}&#8221;]<span style=\"color: #002453 !important;\">H\u00e1 40 anos presente no mercado, a Lahuman possui ampla experi\u00eancia na confec\u00e7\u00e3o de fios e telas pl\u00e1sticas para diversos segmentos: agr\u00edcolas, industrial, esporte, lazer e confec\u00e7\u00e3o.<\/span>[\/vc_column_text][vc_column_text css=&#8221;.vc_custom_1638447104114{margin-bottom: 20px !important;}&#8221;]Tecendo um novo caminho nesse ramo, a marca criou uma nova linha de redes de prote\u00e7\u00e3o, a Confio. Este produto \u00e9 fabricado com a mais alta tecnologia e equipamentos de \u00faltima gera\u00e7\u00e3o.[\/vc_column_text][vc_column_text css=&#8221;.vc_custom_1638447336058{margin-bottom: 25px !important;}&#8221;]Aliando esses fatores com a experi\u00eancia Lahuman, as redes Confio proporcionam ao cliente durabilidade, resist\u00eancia e, acima de tudo, qualidade.[\/vc_column_text][vc_row_inner el_class=&#8221;bg-all-td&#8221;][vc_column_inner]<div class=\"sc_item_button sc_button_wrap\"><a href=\"\" id=\"sc_button_564506870\" class=\"sc_button sc_button_default btn-fundo sc_button_size_normal sc_button_icon_right\"><span class=\"sc_button_icon\"><span class=\"fas fa-chevron-right\"><\/span><\/span><span class=\"sc_button_text\"><span class=\"sc_button_title\">Saber Mais<\/span><\/span><!-- \/.sc_button_text --><\/a><!-- \/.sc_button --><\/div><!-- \/.sc_item_button -->[vc_single_image image=&#8221;1329&#8243; img_size=&#8221;full&#8221; el_class=&#8221;custom-img&#8221;][\/vc_column_inner][\/vc_row_inner][\/vc_column][vc_column width=&#8221;1\/2&#8243;]<div id=\"bg-height-tamanho\" class=\"widget_area sc_widget_video vc_widget_video wpb_content_element\"><aside id=\"bg-height-tamanho_widget\" class=\"widget widget_video\"><div class=\"trx_addons_video_player without_cover\"><div class=\"video_embed video_frame\"><iframe loading=\"lazy\" title=\"Rede de Prote\u00e7\u00e3o Confio Lahuman\" width=\"1170\" height=\"658\" src=\"https:\/\/www.youtube.com\/embed\/g3OlfBxr_Yc?feature=oembed\" frameborder=\"0\" allow=\"accelerometer; autoplay; clipboard-write; encrypted-media; gyroscope; picture-in-picture\" allowfullscreen><\/iframe><\/div><\/div><\/aside><\/div>[\/vc_column][\/vc_row][vc_row full_width=&#8221;stretch_row&#8221; css=&#8221;.vc_custom_1638450694690{background-color: #002453 !important;background-position: 0 0 !important;background-repeat: no-repeat !important;}&#8221;][vc_column css=&#8221;.vc_custom_1638452475759{padding-top: 50px !important;padding-bottom: 50px !important;}&#8221; el_class=&#8221;bg-center&#8221;][vc_column_text css=&#8221;.vc_custom_1638452555021{padding-bottom: 30px !important;}&#8221; el_class=&#8221;bg-center&#8221;]<span style=\"font-weight: 900; font-size: 2em; color: #fff; text-align: center;\">Confian\u00e7a, Durabilidade e Economia<\/span>[\/vc_column_text][vc_row_inner][vc_column_inner width=&#8221;1\/3&#8243;][vc_single_image image=&#8221;2021&#8243; img_size=&#8221;full&#8221; alignment=&#8221;center&#8221; css=&#8221;.vc_custom_1639073581399{border-radius: 1px !important;}&#8221; el_id=&#8221;img-borda-1&#8243;][vc_column_text el_class=&#8221;color-white&#8221; css=&#8221;.vc_custom_1638477662555{margin-top: 15px !important;margin-bottom: 15px !important;padding-top: 20px !important;padding-bottom: 10px !important;}&#8221;]<b style=\"color: #fff; font-size: 1.4em;\">Produto 100% brasileiro<\/b>[\/vc_column_text][vc_column_text el_class=&#8221;color-white&#8221;]<span class=\"color-white\">Destaca-se com o diferencial dos produtos de fabrica\u00e7\u00e3o pr\u00f3pria e 100% nacionais.<\/span>[\/vc_column_text][\/vc_column_inner][vc_column_inner width=&#8221;1\/3&#8243;][vc_single_image image=&#8221;2023&#8243; img_size=&#8221;full&#8221; alignment=&#8221;center&#8221; el_id=&#8221;img-borda-2&#8243;][vc_column_text el_class=&#8221;color-white&#8221; css=&#8221;.vc_custom_1638477684011{padding-top: 20px !important;padding-bottom: 10px !important;}&#8221;]<b class=\"color-white\" style=\"font-size: 1.4em;\">Fio com aditivoAnti-UV<\/b>[\/vc_column_text][vc_column_text el_class=&#8221;color-white&#8221;]<span class=\"color-white\">As redes de seguran\u00e7a s\u00e3o resistentes contra as a\u00e7\u00f5es degradantes do tempo, gra\u00e7asao aditivo Anti-UV presente em todos os fios. Isso assegura maior durabilidade, mesmo em contato direto com o sol ouchuva.<\/span>[\/vc_column_text][\/vc_column_inner][vc_column_inner width=&#8221;1\/3&#8243;][vc_single_image image=&#8221;2022&#8243; img_size=&#8221;full&#8221; alignment=&#8221;center&#8221; el_id=&#8221;img-borda-3&#8243;][vc_column_text el_class=&#8221;color-white&#8221; css=&#8221;.vc_custom_1638477698324{padding-top: 20px !important;padding-bottom: 10px !important;}&#8221;]<b class=\"color-white\" style=\"font-size: 1.4em;\">Controle de qualidade<\/b>[\/vc_column_text][vc_column_text el_class=&#8221;color-white&#8221;]<span class=\"color-white\">Possuem um rigoroso controle de qualidade, devido a sua produ\u00e7\u00e3o com excelentes mat\u00e9rias-primas e utiliza\u00e7\u00e3o de alta tecnologia. As redes Confio s\u00e3o ideais para quem busca produtos que atendam as expectativas de seguran\u00e7a e qualidade.<\/span>[\/vc_column_text][\/vc_column_inner][\/vc_row_inner][\/vc_column][\/vc_row][vc_row full_width=&#8221;stretch_row&#8221; content_placement=&#8221;middle&#8221; css=&#8221;.vc_custom_1638499554125{padding-top: 3em !important;padding-bottom: 3em !important;background-color: #2f5e4c !important;}&#8221;][vc_column width=&#8221;1\/2&#8243;][vc_raw_html]JTNDaW1nJTIwc3JjJTNEJTIyaHR0cHMlM0ElMkYlMkZjbGllbnRlc3RyYWZlZ28uY29tLmJyJTJGcmVkZWNvbmZpbyUyRndwLWNvbnRlbnQlMkZ1cGxvYWRzJTJGMjAyMSUyRjEyJTJGbWFyY2EtZmFsY2FvYmF1ZXIyLTEucG5nJTIyJTJGJTNF[\/vc_raw_html][\/vc_column][vc_column width=&#8221;1\/2&#8243;][vc_column_text css=&#8221;.vc_custom_1638477812081{padding-bottom: 20px !important;}&#8221;]<span style=\"font-weight: 900; font-size: 2em; color: #fff;\">A sua seguran\u00e7a \u00e9 prioridade<\/span>[\/vc_column_text][vc_column_text]<span style=\"color: #fff;\">Os produtos Confio contam com garantia de seguran\u00e7a testada e certificada pelo Instituto Falc\u00e3o Bauer conforme o certificado n\u00b0 CCC\/228.995\/11. A garantia* dos produtos \u00e9 de 3 anos contra defeitos de fabrica\u00e7\u00e3o e durabilidade em condi\u00e7\u00f5es normais de uso.<\/span>[\/vc_column_text][vc_column_text css=&#8221;.vc_custom_1638477822771{padding-top: 20px !important;}&#8221;]<span style=\"color: #fff;\">*consulte o regulamento completo com um(a) vendedor(a).<\/span>[\/vc_column_text][\/vc_column][\/vc_row][vc_row full_width=&#8221;stretch_row_content&#8221; content_placement=&#8221;middle&#8221; css=&#8221;.vc_custom_1638551809504{padding-top: 2em !important;padding-bottom: 2em !important;}&#8221; el_id=&#8221;bg-produto-aplicacao&#8221;][vc_column][vc_column_text css=&#8221;.vc_custom_1638551731030{margin-bottom: 20px !important;}&#8221;]<span style=\"color: #002453; font-size: 2em; font-weight: bold; text-align: center;\">Produtos e Aplica\u00e7\u00f5es<\/span>[\/vc_column_text][vc_row_inner el_class=&#8221;bg-conter-falta&#8221;][vc_column_inner el_class=&#8221;bg-content-height&#8221; width=&#8221;1\/4&#8243;][vc_column_text css=&#8221;.vc_custom_1638550787385{background-color: #35add8 !important;}&#8221;]<\/p>\n<div style=\"display: flex; justify-content: center; flex-direction: column; background: #35ADD8 !important; text-align: center;\">\n<p><img decoding=\"async\" class=\"aligncenter\" style=\"max-width: 50px;\" src=\"https:\/\/clientestrafego.com.br\/redeconfio\/wp-content\/uploads\/2021\/12\/ICONE.png\" \/><br \/>\n<span style=\"color: #002453;\">Rede <b>Residencial<\/b><\/span><span style=\"color: #fff;\"><br \/>\nPara fins residenciais, como a instala\u00e7\u00e3o em janelas e\/ou sacadas de apartamentos, piscinas, escadas e<br \/>\nplaygrounds.<br \/>\n<\/span><br \/>\n<a style=\"background: #006285; color: #fff; border-radius: 15px; padding: 10px 15px; border: none; text-decoration: none;\" href=\"https:\/\/clientestrafego.com.br\/redeconfio\/rede-residencial\/\">Saiba Mais<br \/>\n<\/a><\/div>\n<p>[\/vc_column_text][\/vc_column_inner][vc_column_inner width=&#8221;1\/4&#8243;][vc_column_text]<\/p>\n<div style=\"display: flex; justify-content: center; flex-direction: column; background: #249CC7 !important; text-align: center;\">\n<p><img decoding=\"async\" class=\"aligncenter\" style=\"max-width: 50px;\" src=\"https:\/\/clientestrafego.com.br\/redeconfio\/wp-content\/uploads\/2021\/12\/ICONE-1.png\" \/><br \/>\n<span style=\"color: #002453;\">Rede <b>Esportiva<\/b><\/span><span style=\"color: #fff;\"><br \/>\nPode ser aplicada em gols, cobertura e prote\u00e7\u00e3o lateral de quadras de v\u00f4lei, t\u00eanis e beach t\u00eanis,e campos de futebol.<br \/>\n<\/span><br \/>\n<a style=\"background: #006285; color: #fff; border-radius: 15px; padding: 10px 15px; border: none; text-decoration: none;\" href=\"https:\/\/clientestrafego.com.br\/redeconfio\/rede-esportiva\/\">Saiba Mais<br \/>\n<\/a><\/div>\n<p>[\/vc_column_text][\/vc_column_inner][vc_column_inner width=&#8221;1\/4&#8243;][vc_column_text]<\/p>\n<div style=\"display: flex; justify-content: center; flex-direction: column; background: #35ADD8 !important; text-align: center;\">\n<p><img decoding=\"async\" class=\"aligncenter\" style=\"max-width: 50px;\" src=\"https:\/\/clientestrafego.com.br\/redeconfio\/wp-content\/uploads\/2021\/12\/ICONE-2.png\" \/><br \/>\n<span style=\"color: #002453;\">Rede <b>Industrial<\/b><\/span><span style=\"color: #fff;\"><br \/>\nIdeal para ambientes industriais, como a divis\u00e3o de ambientes, prote\u00e7\u00e3o de produtos em estoque, prote\u00e7\u00e3o contra pequenos p\u00e1ssaros e fixa\u00e7\u00e3o de produtos em pallets.<br \/>\n<\/span><br \/>\n<a style=\"background: #006285; color: #fff; border-radius: 15px; padding: 10px 15px; border: none; text-decoration: none;\" href=\"https:\/\/clientestrafego.com.br\/redeconfio\/rede-industrial\/\">Saiba Mais<br \/>\n<\/a><\/div>\n<p>[\/vc_column_text][\/vc_column_inner][vc_column_inner width=&#8221;1\/4&#8243;][vc_column_text]<\/p>\n<div style=\"display: flex; justify-content: center; flex-direction: column; background: #249CC7 !important; text-align: center;\">\n<p><img decoding=\"async\" class=\"aligncenter\" style=\"max-width: 50px;\" src=\"https:\/\/clientestrafego.com.br\/redeconfio\/wp-content\/uploads\/2021\/12\/ICONE-3.png\" \/><br \/>\n<span style=\"color: #fff;\"><span style=\"color: #002453;\">Rede <b>Constru\u00e7\u00e3o Civil<\/b><\/span><br \/>\nConfeccionadas em poliamida de alta densidade, a trama alia tecnologia, seguran\u00e7a e baixo custo aos projetos de constru\u00e7\u00e3o, garantindo mais prote\u00e7\u00e3o visual, anti-impacto e um ambiente de trabalho prop\u00edcio e seguro.<br \/>\n<\/span><br \/>\n<a style=\"background: #006285; color: #fff; border-radius: 15px; padding: 10px 15px; border: none; text-decoration: none;\" href=\"https:\/\/clientestrafego.com.br\/redeconfio\/rede-construcao-civil\/\">Saiba Mais<br \/>\n<\/a><\/div>\n<p>[\/vc_column_text][\/vc_column_inner][\/vc_row_inner][\/vc_column][\/vc_row][vc_row][vc_column][vc_row_inner content_placement=&#8221;middle&#8221;][vc_column_inner width=&#8221;1\/2&#8243;][vc_column_text css=&#8221;.vc_custom_1638456776008{padding-bottom: 30px !important;}&#8221; el_class=&#8221;bg-center&#8221;]<span style=\"color: #006285 !important; font-size: 2em;\">Solicitar<\/span> <span style=\"font-weight: 900; font-size: 2em; color: #002453; text-align: center;\"> Or\u00e7amento<\/span>[\/vc_column_text][vc_column_text]Desejar solicitar mais informa\u00e7\u00f5es? Preencha o formul\u00e1rio abaixo ou entre em contato por meios dos nossos canais de comunica\u00e7\u00e3o.[\/vc_column_text]<div role=\"form\" class=\"wpcf7\" id=\"wpcf7-f1163-o1\" lang=\"en-US\" dir=\"ltr\">\n<div class=\"screen-reader-response\"><p role=\"status\" aria-live=\"polite\" aria-atomic=\"true\"><\/p> <ul><\/ul><\/div>\n<form action=\"\/redeconfio\/wp-json\/wp\/v2\/pages\/610#wpcf7-f1163-o1\" method=\"post\" class=\"wpcf7-form init\" novalidate=\"novalidate\" data-status=\"init\">\n<div style=\"display: none;\">\n<input type=\"hidden\" name=\"_wpcf7\" value=\"1163\" \/>\n<input type=\"hidden\" name=\"_wpcf7_version\" value=\"5.5.3\" \/>\n<input type=\"hidden\" name=\"_wpcf7_locale\" value=\"en_US\" \/>\n<input type=\"hidden\" name=\"_wpcf7_unit_tag\" value=\"wpcf7-f1163-o1\" \/>\n<input type=\"hidden\" name=\"_wpcf7_container_post\" value=\"0\" \/>\n<input type=\"hidden\" name=\"_wpcf7_posted_data_hash\" value=\"\" \/>\n<\/div>\n<div class=\"contact_us\">\n<div class=\"flex\">\n<div class='itm row' ><span class=\"wpcf7-form-control-wrap your-name\"><input type=\"text\" name=\"your-name\" value=\"\" size=\"40\" class=\"wpcf7-form-control wpcf7-text wpcf7-validates-as-required\" aria-required=\"true\" aria-invalid=\"false\" placeholder=\"Seu Nome*\" \/><\/span><\/div>\n<div class='itm row'><span class=\"wpcf7-form-control-wrap your-email\"><input type=\"email\" name=\"your-email\" value=\"\" size=\"40\" class=\"wpcf7-form-control wpcf7-text wpcf7-email wpcf7-validates-as-required wpcf7-validates-as-email\" aria-required=\"true\" aria-invalid=\"false\" placeholder=\"Seu email*\" \/><\/span><\/div>\n<\/div>\n<div class=''><span class=\"wpcf7-form-control-wrap your-message\"><textarea name=\"your-message\" cols=\"40\" rows=\"10\" class=\"wpcf7-form-control wpcf7-textarea wpcf7-validates-as-required\" aria-required=\"true\" aria-invalid=\"false\" placeholder=\"Mensagem*\"><\/textarea><\/span><\/div>\n<div><span class=\"wpcf7-form-control-wrap acceptance-157\"><span class=\"wpcf7-form-control wpcf7-acceptance\"><span class=\"wpcf7-list-item\"><label><input type=\"checkbox\" name=\"acceptance-157\" value=\"1\" aria-invalid=\"false\" \/><span class=\"wpcf7-list-item-label\">eu concordo que meus dados enviados est\u00e3o sendo coletados e armazenados.<\/span><\/label><\/span><\/span><\/span><\/div>\n<div class=\"sc_form_field sc_form_field_button sc_form_field_submit\">\n<p><input type=\"submit\" value=\"Solicitar Or\u00e7amento\" class=\"wpcf7-form-control has-spinner wpcf7-submit\" \/><\/p><\/div>\n<\/div>\n<div class=\"wpcf7-response-output\" aria-hidden=\"true\"><\/div><\/form><\/div>[\/vc_column_inner][vc_column_inner width=&#8221;1\/2&#8243;][vc_single_image image=&#8221;1492&#8243; img_size=&#8221;full&#8221; alignment=&#8221;center&#8221;][\/vc_column_inner][\/vc_row_inner][\/vc_column][\/vc_row]<\/p>\n","protected":false},"excerpt":{"rendered":"<p>[vc_row][vc_column][rev_slider_vc alias=&#8221;home-1&#8243;][\/vc_column][\/vc_row][vc_row full_width=&#8221;stretch_row&#8221; content_placement=&#8221;middle&#8221; css=&#8221;.vc_custom_1638552629895{padding-top: 6em !important;padding-bottom: 6em !important;background-color: #f7f6f2 !important;}&#8221; el_class=&#8221;bg-div-especial&#8221;][vc_column width=&#8221;1\/2&#8243; el_id=&#8221;bg-height-tamanho&#8221;][vc_column_text css=&#8221;.vc_custom_1638447088459{margin-bottom: 20px !important;}&#8221;]UMA EMPRESA DO GRUPO LAHUMAN[\/vc_column_text][vc_column_text css=&#8221;.vc_custom_1638447819482{margin-bottom: 20px !important;}&#8221;]Confio Redes de Prote\u00e7\u00e3o[\/vc_column_text][vc_column_text css=&#8221;.vc_custom_1638447099282{margin-bottom: 20px !important;}&#8221;]H\u00e1 40 anos presente no mercado, a Lahuman possui ampla experi\u00eancia na confec\u00e7\u00e3o de fios e telas pl\u00e1sticas para diversos segmentos: agr\u00edcolas, industrial, esporte, lazer e confec\u00e7\u00e3o.[\/vc_column_text][vc_column_text css=&#8221;.vc_custom_1638447104114{margin-bottom: 20px !important;}&#8221;]Tecendo um&hellip;<\/p>\n","protected":false},"author":1,"featured_media":0,"parent":0,"menu_order":0,"comment_status":"closed","ping_status":"closed","template":"","meta":{"footnotes":""},"class_list":["post-610","page","type-page","status-publish","hentry"],"_links":{"self":[{"href":"https:\/\/clientestrafego.com.br\/redeconfio\/wp-json\/wp\/v2\/pages\/610","targetHints":{"allow":["GET"]}}],"collection":[{"href":"https:\/\/clientestrafego.com.br\/redeconfio\/wp-json\/wp\/v2\/pages"}],"about":[{"href":"https:\/\/clientestrafego.com.br\/redeconfio\/wp-json\/wp\/v2\/types\/page"}],"author":[{"embeddable":true,"href":"https:\/\/clientestrafego.com.br\/redeconfio\/wp-json\/wp\/v2\/users\/1"}],"replies":[{"embeddable":true,"href":"https:\/\/clientestrafego.com.br\/redeconfio\/wp-json\/wp\/v2\/comments?post=610"}],"version-history":[{"count":154,"href":"https:\/\/clientestrafego.com.br\/redeconfio\/wp-json\/wp\/v2\/pages\/610\/revisions"}],"predecessor-version":[{"id":2037,"href":"https:\/\/clientestrafego.com.br\/redeconfio\/wp-json\/wp\/v2\/pages\/610\/revisions\/2037"}],"wp:attachment":[{"href":"https:\/\/clientestrafego.com.br\/redeconfio\/wp-json\/wp\/v2\/media?parent=610"}],"curies":[{"name":"wp","href":"https:\/\/api.w.org\/{rel}","templated":true}]}}