{"id":25,"date":"2016-11-03T15:19:49","date_gmt":"2016-11-03T17:19:49","guid":{"rendered":"http:\/\/translogic.dv.themerex.net\/?page_id=25"},"modified":"2021-12-03T10:43:09","modified_gmt":"2021-12-03T13:43:09","slug":"contato","status":"publish","type":"page","link":"https:\/\/clientestrafego.com.br\/redeconfio\/contato\/","title":{"rendered":"Contato"},"content":{"rendered":"<p>[vc_row full_width=&#8221;stretch_row_content_no_spaces&#8221; css=&#8221;.vc_custom_1638538986643{padding-top: 2em !important;}&#8221;][vc_column]<div id=\"sc_googlemap_407769839_wrap\" class=\"sc_googlemap_wrap\"><div id=\"sc_googlemap_407769839\"\n\t\t\tclass=\"sc_googlemap sc_googlemap_default\"\n\t\t\t style=\"width:100%;height:540px;\"\t\t\tdata-zoom=\"12\"\n\t\t\tdata-style=\"default\"\n    ><iframe\n                src=\"https:\/\/maps.google.com\/maps?t=m&output=embed&iwloc=near&z=12&q=Av.+Fuad+Assef+Maluf%2C+800+%E2%80%93+Parque+Virg%C3%ADnio+Basso%2C+Sumar%C3%A9+%E2%80%93+SP+%7C+CEP+13175-090\"\n                scrolling=\"no\"\n                marginheight=\"0\"\n                marginwidth=\"0\"\n                frameborder=\"0\"\n                aria-label=\"New York\"><\/iframe><\/div><\/div><!-- \/.sc_googlemap_wrap -->[vc_empty_space height=&#8221;9.4em&#8221; alter_height=&#8221;none&#8221; hide_on_mobile=&#8221;&#8221;][\/vc_column][\/vc_row][vc_row][vc_column width=&#8221;1\/3&#8243;][vc_column_text]<span style=\"font-size: 2em; color: #002453; font-weight: bold;\">Fale Conosco<\/span>[\/vc_column_text][vc_empty_space height=&#8221;2.2em&#8221; alter_height=&#8221;none&#8221; hide_on_mobile=&#8221;&#8221;][vc_column_text]<b style=\"color: #006285;\">Telefone<\/b>[\/vc_column_text][vc_column_text]<\/p>\n<div style=\"display: flex;\">\n<div style=\"display: flex; flex-direction: column;\">\n<div style=\"display: flex;\">\n<div style=\"padding-right: 10px; display: flex; align-items: center;\"><img decoding=\"async\" src=\"https:\/\/clientestrafego.com.br\/redeconfio\/wp-content\/uploads\/2021\/12\/ant-design_phone-filled.png\" \/><\/div>\n<p><span style=\"color: #006285;\">19 3803.9090<\/span><\/div>\n<div style=\"display: flex;\">\n<div style=\"padding-right: 10px; display: flex; align-items: center;\"><img decoding=\"async\" src=\"https:\/\/clientestrafego.com.br\/redeconfio\/wp-content\/uploads\/2021\/12\/ant-design_phone-filled.png\" \/><\/div>\n<p><span style=\"color: #006285;\">19 3803.9094<\/span><\/div>\n<\/div>\n<div style=\"display: flex; flex-direction: column;\">\n<div style=\"display: flex; padding-left: 10px;\">\n<div style=\"padding-right: 10px; display: flex; align-items: center;\"><img decoding=\"async\" src=\"https:\/\/clientestrafego.com.br\/redeconfio\/wp-content\/uploads\/2021\/12\/Vector.png\" \/><\/div>\n<p><span style=\"color: #006285;\">19 97112.3441<\/span><\/div>\n<div style=\"display: flex; padding-left: 10px;\">\n<div style=\"padding-right: 10px; display: flex; align-items: center;\"><img decoding=\"async\" src=\"https:\/\/clientestrafego.com.br\/redeconfio\/wp-content\/uploads\/2021\/12\/Vector.png\" \/><\/div>\n<p><span style=\"color: #006285;\">19 98194.5414<\/span><\/div>\n<\/div>\n<\/div>\n<p>[\/vc_column_text][vc_column_text]<b style=\"color: #006285;\">Email<\/b>[\/vc_column_text][vc_column_text]<\/p>\n<div style=\"display: flex; flex-direction: column;\">\n<div style=\"display: flex;\">\n<div style=\"display: flex; align-items: center; padding-right: 10px;\"><img decoding=\"async\" src=\"https:\/\/clientestrafego.com.br\/redeconfio\/wp-content\/uploads\/2021\/12\/fluent_mail-48-filled.png\" \/><\/div>\n<div><span style=\"color: #006285;\">vendas@lahuman.com.br<\/span><\/div>\n<\/div>\n<div style=\"display: flex;\">\n<div style=\"display: flex; align-items: center; padding-right: 10px;\"><img decoding=\"async\" src=\"https:\/\/clientestrafego.com.br\/redeconfio\/wp-content\/uploads\/2021\/12\/fluent_mail-48-filled.png\" \/><\/div>\n<p><span style=\"color: #006285;\">comercial1@lahuman.com.br<\/span><\/div>\n<div style=\"display: flex;\">\n<div style=\"display: flex; align-items: center; padding-right: 10px;\"><img decoding=\"async\" src=\"https:\/\/clientestrafego.com.br\/redeconfio\/wp-content\/uploads\/2021\/12\/fluent_mail-48-filled.png\" \/><\/div>\n<p><span style=\"color: #006285;\">redeconfio@lahuman.com.br<\/span><\/div>\n<\/div>\n<p>[\/vc_column_text][vc_column_text]<b style=\"color: #006285;\">Endere\u00e7o<\/b>[\/vc_column_text][vc_column_text]<\/p>\n<div style=\"display: flex;\">\n<div style=\"padding-right: 10px;\"><img decoding=\"async\" src=\"https:\/\/clientestrafego.com.br\/redeconfio\/wp-content\/uploads\/2021\/12\/icon-park-outline_local-two.png\" \/><\/div>\n<p><span style=\"color: #006285;\"> Av. Fuad Assef Maluf, 800 &#8211; Parque Virg\u00ednio Basso, Sumar\u00e9 \u2013 SP | CEP<br \/>\n13175-090<\/span><\/div>\n<p>[\/vc_column_text][\/vc_column][vc_column width=&#8221;2\/3&#8243;][vc_column_text]<span style=\"color: #006285 !important; font-size: 2em;\">Solicitar<\/span> <span style=\"font-weight: 900; font-size: 2em; color: #002453; text-align: center;\"> Or\u00e7amento<\/span>[\/vc_column_text][vc_empty_space height=&#8221;2.2em&#8221; alter_height=&#8221;none&#8221; hide_on_mobile=&#8221;&#8221;][vc_column_text css=&#8221;.vc_custom_1638492653738{padding-bottom: 10px !important;}&#8221;]Desejar solicitar mais informa\u00e7\u00f5es? Preencha o formul\u00e1rio abaixo ou entre em contato por meios dos nossos canais de comunica\u00e7\u00e3o.[\/vc_column_text]<div role=\"form\" class=\"wpcf7\" id=\"wpcf7-f1163-o1\" lang=\"en-US\" dir=\"ltr\">\n<div class=\"screen-reader-response\"><p role=\"status\" aria-live=\"polite\" aria-atomic=\"true\"><\/p> <ul><\/ul><\/div>\n<form action=\"\/redeconfio\/wp-json\/wp\/v2\/pages\/25#wpcf7-f1163-o1\" method=\"post\" class=\"wpcf7-form init\" novalidate=\"novalidate\" data-status=\"init\">\n<div style=\"display: none;\">\n<input type=\"hidden\" name=\"_wpcf7\" value=\"1163\" \/>\n<input type=\"hidden\" name=\"_wpcf7_version\" value=\"5.5.3\" \/>\n<input type=\"hidden\" name=\"_wpcf7_locale\" value=\"en_US\" \/>\n<input type=\"hidden\" name=\"_wpcf7_unit_tag\" value=\"wpcf7-f1163-o1\" \/>\n<input type=\"hidden\" name=\"_wpcf7_container_post\" value=\"0\" \/>\n<input type=\"hidden\" name=\"_wpcf7_posted_data_hash\" value=\"\" \/>\n<\/div>\n<div class=\"contact_us\">\n<div class=\"flex\">\n<div class='itm row' ><span class=\"wpcf7-form-control-wrap your-name\"><input type=\"text\" name=\"your-name\" value=\"\" size=\"40\" class=\"wpcf7-form-control wpcf7-text wpcf7-validates-as-required\" aria-required=\"true\" aria-invalid=\"false\" placeholder=\"Seu Nome*\" \/><\/span><\/div>\n<div class='itm row'><span class=\"wpcf7-form-control-wrap your-email\"><input type=\"email\" name=\"your-email\" value=\"\" size=\"40\" class=\"wpcf7-form-control wpcf7-text wpcf7-email wpcf7-validates-as-required wpcf7-validates-as-email\" aria-required=\"true\" aria-invalid=\"false\" placeholder=\"Seu email*\" \/><\/span><\/div>\n<\/div>\n<div class=''><span class=\"wpcf7-form-control-wrap your-message\"><textarea name=\"your-message\" cols=\"40\" rows=\"10\" class=\"wpcf7-form-control wpcf7-textarea wpcf7-validates-as-required\" aria-required=\"true\" aria-invalid=\"false\" placeholder=\"Mensagem*\"><\/textarea><\/span><\/div>\n<div><span class=\"wpcf7-form-control-wrap acceptance-157\"><span class=\"wpcf7-form-control wpcf7-acceptance\"><span class=\"wpcf7-list-item\"><label><input type=\"checkbox\" name=\"acceptance-157\" value=\"1\" aria-invalid=\"false\" \/><span class=\"wpcf7-list-item-label\">eu concordo que meus dados enviados est\u00e3o sendo coletados e armazenados.<\/span><\/label><\/span><\/span><\/span><\/div>\n<div class=\"sc_form_field sc_form_field_button sc_form_field_submit\">\n<p><input type=\"submit\" value=\"Solicitar Or\u00e7amento\" class=\"wpcf7-form-control has-spinner wpcf7-submit\" \/><\/p><\/div>\n<\/div>\n<div class=\"wpcf7-response-output\" aria-hidden=\"true\"><\/div><\/form><\/div>[\/vc_column][\/vc_row]<\/p>\n","protected":false},"excerpt":{"rendered":"<p>[vc_row full_width=&#8221;stretch_row_content_no_spaces&#8221; css=&#8221;.vc_custom_1638538986643{padding-top: 2em !important;}&#8221;][vc_column][vc_empty_space height=&#8221;9.4em&#8221; alter_height=&#8221;none&#8221; hide_on_mobile=&#8221;&#8221;][\/vc_column][\/vc_row][vc_row][vc_column width=&#8221;1\/3&#8243;][vc_column_text]Fale Conosco[\/vc_column_text][vc_empty_space height=&#8221;2.2em&#8221; alter_height=&#8221;none&#8221; hide_on_mobile=&#8221;&#8221;][vc_column_text]Telefone[\/vc_column_text][vc_column_text] 19 3803.9090 19 3803.9094 19 97112.3441 19 98194.5414 [\/vc_column_text][vc_column_text]Email[\/vc_column_text][vc_column_text] vendas@lahuman.com.br comercial1@lahuman.com.br redeconfio@lahuman.com.br [\/vc_column_text][vc_column_text]Endere\u00e7o[\/vc_column_text][vc_column_text] Av. Fuad Assef Maluf, 800 &#8211; Parque Virg\u00ednio Basso, Sumar\u00e9 \u2013 SP | CEP 13175-090 [\/vc_column_text][\/vc_column][vc_column width=&#8221;2\/3&#8243;][vc_column_text]Solicitar Or\u00e7amento[\/vc_column_text][vc_empty_space height=&#8221;2.2em&#8221; alter_height=&#8221;none&#8221; hide_on_mobile=&#8221;&#8221;][vc_column_text css=&#8221;.vc_custom_1638492653738{padding-bottom: 10px !important;}&#8221;]Desejar solicitar mais informa\u00e7\u00f5es? Preencha o formul\u00e1rio abaixo ou entre em&hellip;<\/p>\n","protected":false},"author":1,"featured_media":0,"parent":0,"menu_order":0,"comment_status":"closed","ping_status":"closed","template":"","meta":{"footnotes":""},"class_list":["post-25","page","type-page","status-publish","hentry"],"_links":{"self":[{"href":"https:\/\/clientestrafego.com.br\/redeconfio\/wp-json\/wp\/v2\/pages\/25","targetHints":{"allow":["GET"]}}],"collection":[{"href":"https:\/\/clientestrafego.com.br\/redeconfio\/wp-json\/wp\/v2\/pages"}],"about":[{"href":"https:\/\/clientestrafego.com.br\/redeconfio\/wp-json\/wp\/v2\/types\/page"}],"author":[{"embeddable":true,"href":"https:\/\/clientestrafego.com.br\/redeconfio\/wp-json\/wp\/v2\/users\/1"}],"replies":[{"embeddable":true,"href":"https:\/\/clientestrafego.com.br\/redeconfio\/wp-json\/wp\/v2\/comments?post=25"}],"version-history":[{"count":20,"href":"https:\/\/clientestrafego.com.br\/redeconfio\/wp-json\/wp\/v2\/pages\/25\/revisions"}],"predecessor-version":[{"id":1852,"href":"https:\/\/clientestrafego.com.br\/redeconfio\/wp-json\/wp\/v2\/pages\/25\/revisions\/1852"}],"wp:attachment":[{"href":"https:\/\/clientestrafego.com.br\/redeconfio\/wp-json\/wp\/v2\/media?parent=25"}],"curies":[{"name":"wp","href":"https:\/\/api.w.org\/{rel}","templated":true}]}}