{"id":1608,"date":"2021-12-02T20:18:40","date_gmt":"2021-12-02T23:18:40","guid":{"rendered":"https:\/\/clientestrafego.com.br\/redeconfio\/?page_id=1608"},"modified":"2021-12-03T14:36:40","modified_gmt":"2021-12-03T17:36:40","slug":"sobre-nos","status":"publish","type":"page","link":"https:\/\/clientestrafego.com.br\/redeconfio\/sobre-nos\/","title":{"rendered":"Sobre N\u00f3s"},"content":{"rendered":"<p>[vc_row content_placement=&#8221;middle&#8221; el_id=&#8221;bg-sobrenos&#8221;][vc_column width=&#8221;1\/2&#8243;][vc_column_text]<span style=\"text-transform: uppercase; font-weight: bold; color: #717171;\">uma empresa do <b style=\"color: #006285;\">grupo lahuman<\/b><\/span>[\/vc_column_text][vc_column_text css=&#8221;.vc_custom_1638488703551{padding-bottom: 40px !important;}&#8221;]<span style=\"font-size: 2em; color: #002453; font-weight: bold;\">Confio Redes de Prote\u00e7\u00e3o<\/span>[\/vc_column_text][vc_column_text css=&#8221;.vc_custom_1638488742255{padding-bottom: 20px !important;}&#8221;]<span style=\"color: #002453;\">H\u00e1 40 anos presente no mercado, a Lahuman possui ampla experi\u00eancia na confec\u00e7\u00e3o de fios e telas pl\u00e1sticas para diversos segmentos: agr\u00edcolas, industrial, esporte, lazer e confec\u00e7\u00e3o. <\/span>[\/vc_column_text][vc_column_text css=&#8221;.vc_custom_1638488726064{padding-bottom: 20px !important;}&#8221;]<span style=\"color: #717171;\">Tecendo um novo caminho nesse ramo, a marca criou uma nova linha de redes de prote\u00e7\u00e3o, a Confio. Este produto \u00e9 fabricado com a mais alta tecnologia e equipamentos de \u00faltima gera\u00e7\u00e3o. <\/span>[\/vc_column_text][vc_column_text css=&#8221;.vc_custom_1638488759065{padding-bottom: 20px !important;}&#8221;]<span style=\"color: #717171;\">Aliando esses fatores com a experi\u00eancia Lahuman, as redes Confio proporcionam ao cliente durabilidade, resist\u00eancia e, acima de tudo, qualidade.<\/span>[\/vc_column_text][vc_row_inner][vc_column_inner]<div class=\"sc_item_button sc_button_wrap sc_align_left\"><a href=\"\" id=\"sc_button_1262036706\" class=\"sc_button sc_button_default sc_button_size_normal sc_button_icon_right\"><span class=\"sc_button_icon\"><span class=\"fas fa-angle-right\"><\/span><\/span><span class=\"sc_button_text sc_align_center\"><span class=\"sc_button_title\">Solicitar Or\u00e7amento<\/span><\/span><!-- \/.sc_button_text --><\/a><!-- \/.sc_button --><\/div><!-- \/.sc_item_button -->[vc_single_image image=&#8221;1329&#8243; img_size=&#8221;full&#8221; alignment=&#8221;center&#8221; el_class=&#8221;custom-img1&#8243;][\/vc_column_inner][\/vc_row_inner][\/vc_column][vc_column width=&#8221;1\/2&#8243;]<div id=\"widget_video_554905418\" class=\"widget_area sc_widget_video vc_widget_video wpb_content_element\"><aside id=\"widget_video_554905418_widget\" class=\"widget widget_video\"><div class=\"trx_addons_video_player without_cover\"><div class=\"video_embed video_frame\"><iframe loading=\"lazy\" title=\"Rede de Prote\u00e7\u00e3o Confio Lahuman\" width=\"1170\" height=\"658\" src=\"https:\/\/www.youtube.com\/embed\/g3OlfBxr_Yc?feature=oembed\" frameborder=\"0\" allow=\"accelerometer; autoplay; clipboard-write; encrypted-media; gyroscope; picture-in-picture\" allowfullscreen><\/iframe><\/div><\/div><\/aside><\/div>[\/vc_column][\/vc_row]<\/p>\n","protected":false},"excerpt":{"rendered":"<p>[vc_row content_placement=&#8221;middle&#8221; el_id=&#8221;bg-sobrenos&#8221;][vc_column width=&#8221;1\/2&#8243;][vc_column_text]uma empresa do grupo lahuman[\/vc_column_text][vc_column_text css=&#8221;.vc_custom_1638488703551{padding-bottom: 40px !important;}&#8221;]Confio Redes de Prote\u00e7\u00e3o[\/vc_column_text][vc_column_text css=&#8221;.vc_custom_1638488742255{padding-bottom: 20px !important;}&#8221;]H\u00e1 40 anos presente no mercado, a Lahuman possui ampla experi\u00eancia na confec\u00e7\u00e3o de fios e telas pl\u00e1sticas para diversos segmentos: agr\u00edcolas, industrial, esporte, lazer e confec\u00e7\u00e3o. [\/vc_column_text][vc_column_text css=&#8221;.vc_custom_1638488726064{padding-bottom: 20px !important;}&#8221;]Tecendo um novo caminho nesse ramo, a marca criou uma nova linha de redes&hellip;<\/p>\n","protected":false},"author":1,"featured_media":0,"parent":0,"menu_order":0,"comment_status":"closed","ping_status":"closed","template":"","meta":{"footnotes":""},"class_list":["post-1608","page","type-page","status-publish","hentry"],"_links":{"self":[{"href":"https:\/\/clientestrafego.com.br\/redeconfio\/wp-json\/wp\/v2\/pages\/1608","targetHints":{"allow":["GET"]}}],"collection":[{"href":"https:\/\/clientestrafego.com.br\/redeconfio\/wp-json\/wp\/v2\/pages"}],"about":[{"href":"https:\/\/clientestrafego.com.br\/redeconfio\/wp-json\/wp\/v2\/types\/page"}],"author":[{"embeddable":true,"href":"https:\/\/clientestrafego.com.br\/redeconfio\/wp-json\/wp\/v2\/users\/1"}],"replies":[{"embeddable":true,"href":"https:\/\/clientestrafego.com.br\/redeconfio\/wp-json\/wp\/v2\/comments?post=1608"}],"version-history":[{"count":27,"href":"https:\/\/clientestrafego.com.br\/redeconfio\/wp-json\/wp\/v2\/pages\/1608\/revisions"}],"predecessor-version":[{"id":1928,"href":"https:\/\/clientestrafego.com.br\/redeconfio\/wp-json\/wp\/v2\/pages\/1608\/revisions\/1928"}],"wp:attachment":[{"href":"https:\/\/clientestrafego.com.br\/redeconfio\/wp-json\/wp\/v2\/media?parent=1608"}],"curies":[{"name":"wp","href":"https:\/\/api.w.org\/{rel}","templated":true}]}}