{"id":1177,"date":"2020-10-08T08:23:20","date_gmt":"2020-10-08T11:23:20","guid":{"rendered":"http:\/\/translogic.themerex.net\/?page_id=1177"},"modified":"2021-12-14T12:03:52","modified_gmt":"2021-12-14T15:03:52","slug":"rede-residencial","status":"publish","type":"page","link":"https:\/\/clientestrafego.com.br\/redeconfio\/rede-residencial\/","title":{"rendered":"Rede Residencial"},"content":{"rendered":"<p>[vc_row][vc_column][vc_single_image image=&#8221;1666&#8243; img_size=&#8221;full&#8221;][\/vc_column][\/vc_row][vc_row][vc_column][vc_column_text css=&#8221;.vc_custom_1638496119960{padding-top: 2em !important;}&#8221;]<span style=\"text-transform: uppercase; font-weight: bold; color: #717171;\">uma empresa do <b style=\"color: #006285;\">grupo lahuman<\/b><\/span>[\/vc_column_text][\/vc_column][\/vc_row][vc_row][vc_column][vc_column_text]<span style=\"font-size: 2em; color: #002453; font-weight: bold;\">Rede Residencial<\/span>[\/vc_column_text][\/vc_column][\/vc_row][vc_row css=&#8221;.vc_custom_1638496235636{padding-bottom: 2em !important;}&#8221;][vc_column][vc_column_text]Para fins residenciais, como a instala\u00e7\u00e3o em janelas e\/ou sacadas de apartamentos, piscinas, escadas e playgrounds.[\/vc_column_text][\/vc_column][\/vc_row][vc_row css=&#8221;.vc_custom_1638496257507{padding-bottom: 2em !important;}&#8221;][vc_column width=&#8221;1\/3&#8243;][vc_column_text]<\/p>\n<div style=\"background: #249CC7; min-height: 70px; display: flex; justify-content: center; align-items: center; border-bottom: 0px !important;\"><span style=\"color: #fff; font-size: 1.3em;\"><b style=\"color: #fff;\">Rede Malha 5<\/b> &#8211; Dados<br \/>\nt\u00e9cnicos<\/span><\/div>\n<table class=\"table table-hover\" style=\"border-top: none !important; min-height: 450px; max-height: 450px !important;\">\n<tbody>\n<tr style=\"border-bottom: 2.5px solid #0E7FA7;\">\n<td style=\"border-right: 3px solid #0E7FA7; font-weight: bold; color: #fff; background: #35ADD8;\">Material<\/td>\n<td style=\"background: #35ADD8; color: #fff;\">Polietileno<\/td>\n<\/tr>\n<tr style=\"border-bottom: 2.5px solid #0E7FA7;\">\n<td style=\"border-right: 3px solid #0E7FA7; font-weight: bold; color: #fff; background: #35ADD8;\">Cores<\/td>\n<td style=\"background: #35ADD8; color: #fff;\">Areia, Cristal, Marrom, Prata<br \/>\ne Preto<\/td>\n<\/tr>\n<tr style=\"border-bottom: 2.5px solid #0E7FA7;\">\n<td style=\"border-right: 3px solid #0E7FA7; font-weight: bold; color: #fff; background: #35ADD8;\">Largura<\/td>\n<td style=\"background: #35ADD8; color: #fff;\">7 metros<\/td>\n<\/tr>\n<tr style=\"border-bottom: 2.5px solid #0E7FA7;\">\n<td style=\"border-right: 3px solid #0E7FA7; font-weight: bold; color: #fff; background: #35ADD8;\">Comprimento<\/td>\n<td style=\"background: #35ADD8; color: #fff;\">35 metros<\/td>\n<\/tr>\n<tr style=\"border-bottom: 2.5px solid #0E7FA7;\">\n<td style=\"border-right: 3px solid #0E7FA7; font-weight: bold; color: #fff; background: #35ADD8;\">Quantidade<\/td>\n<td style=\"background: #35ADD8; color: #fff;\">1 fardo<\/td>\n<\/tr>\n<tr style=\"border-bottom: 2.5px solid #0E7FA7;\">\n<td style=\"border-right: 3px solid #0E7FA7; font-weight: bold; color: #fff; background: #35ADD8;\">Peso (m\u00b2)<\/td>\n<td style=\"background: #35ADD8; color: #fff;\">30\/22<\/td>\n<\/tr>\n<tr style=\"border-bottom: 2.5px solid #0E7FA7;\">\n<td style=\"border-right: 3px solid #0E7FA7; font-weight: bold; color: #fff; background: #35ADD8;\">Kg\/Fardo<\/td>\n<td style=\"background: #35ADD8; color: #fff;\">25 kg<\/td>\n<\/tr>\n<tr style=\"border-bottom: 2.5px solid #0E7FA7;\">\n<\/tr>\n<\/tbody>\n<\/table>\n<p>[\/vc_column_text][\/vc_column][vc_column width=&#8221;1\/3&#8243;][vc_column_text]<\/p>\n<div style=\"background: #249CC7; min-height: 70px; display: flex; justify-content: center; align-items: center; border-bottom: 0px !important;\"><span style=\"color: #fff; font-size: 1.3em;\"><b style=\"color: #fff;\">Rede Malha 3<\/b> &#8211; Dados<br \/>\nt\u00e9cnicos<\/span><\/div>\n<table class=\"table table-hover\" style=\"border-top: none !important; min-height: 450px;max-height:450px;\">\n<tbody>\n<tr style=\"border-bottom: 2.5px solid #0E7FA7;\">\n<td style=\"border-right: 3px solid #0E7FA7; font-weight: bold; color: #fff; background: #35ADD8;\">Material<\/td>\n<td style=\"background: #35ADD8; color: #fff;\">Polietileno<\/td>\n<\/tr>\n<tr style=\"border-bottom: 2.5px solid #0E7FA7;\">\n<td style=\"border-right: 3px solid #0E7FA7; font-weight: bold; color: #fff; background: #35ADD8;\">Cores<\/td>\n<td style=\"background: #35ADD8; color: #fff;\">Cristal e Preto<\/td>\n<\/tr>\n<tr style=\"border-bottom: 2.5px solid #0E7FA7;\">\n<td style=\"border-right: 3px solid #0E7FA7; font-weight: bold; color: #fff; background: #35ADD8;\">Largura<\/td>\n<td style=\"background: #35ADD8; color: #fff;\">6 metros<\/td>\n<\/tr>\n<tr style=\"border-bottom: 2.5px solid #0E7FA7;\">\n<td style=\"border-right: 3px solid #0E7FA7; font-weight: bold; color: #fff; background: #35ADD8;\">Comprimento<\/td>\n<td style=\"background: #35ADD8; color: #fff;\">20 metros<\/td>\n<\/tr>\n<tr style=\"border-bottom: 2.5px solid #0E7FA7;\">\n<td style=\"border-right: 3px solid #0E7FA7; font-weight: bold; color: #fff; background: #35ADD8;\">Quantidade<\/td>\n<td style=\"background: #35ADD8; color: #fff;\">1 fardo<\/td>\n<\/tr>\n<tr style=\"border-bottom: 2.5px solid #0E7FA7;\">\n<td style=\"border-right: 3px solid #0E7FA7; font-weight: bold; color: #fff; background: #35ADD8;\">Fio<\/td>\n<td style=\"background: #35ADD8; color: #fff;\">30\/16<\/td>\n<\/tr>\n<tr style=\"border-bottom: 2.5px solid #0E7FA7;\">\n<td style=\"border-right: 3px solid #0E7FA7; font-weight: bold; color: #fff; background: #35ADD8;\">Kg\/Fardo<\/td>\n<td style=\"background: #35ADD8; color: #fff;\">16 kg<\/td>\n<\/tr>\n<\/tbody>\n<\/table>\n<p>[\/vc_column_text][\/vc_column][vc_column width=&#8221;1\/3&#8243;][vc_column_text]<\/p>\n<div style=\"background: #249CC7; min-height: 70px; display: flex; justify-content: center; align-items: center; border-bottom: 0px !important;\"><span style=\"color: #fff; font-size: 1.3em;\"><b style=\"color: #fff;\">Corda<\/b> &#8211; Dados<br \/>\nt\u00e9cnicos<\/span><\/div>\n<table class=\"table table-hover\" style=\"border-top: none !important; min-height: 450px; max-height: 450px !important;\">\n<tbody>\n<tr style=\"border-bottom: 2.5px solid #0E7FA7;\">\n<td style=\"border-right: 3px solid #0E7FA7; font-weight: bold; color: #fff; background: #35ADD8;\">Material<\/td>\n<td style=\"background: #35ADD8; color: #fff;\">Polietileno<\/td>\n<\/tr>\n<tr style=\"border-bottom: 2.5px solid #0E7FA7;\">\n<td style=\"border-right: 3px solid #0E7FA7; font-weight: bold; color: #fff; background: #35ADD8;\">Cores<\/td>\n<td style=\"background: #35ADD8; color: #fff;\">Areia, Cristal, Marrom, Prata<br \/>\ne Preto<\/td>\n<\/tr>\n<tr style=\"border-bottom: 2.5px solid #0E7FA7;\">\n<td style=\"border-right: 3px solid #0E7FA7; font-weight: bold; color: #fff; background: #35ADD8;\">Comprimento<\/td>\n<td style=\"background: #35ADD8; color: #fff;\">235 metros (aproximadamente)<\/td>\n<\/tr>\n<tr style=\"border-bottom: 2.5px solid #0E7FA7;\">\n<td style=\"border-right: 3px solid #0E7FA7; font-weight: bold; color: #fff; background: #35ADD8;\">Quantidade<\/td>\n<td style=\"background: #35ADD8; color: #fff;\">1 rolo<\/td>\n<\/tr>\n<tr style=\"border-bottom: 2.5px solid #0E7FA7;\">\n<td style=\"border-right: 3px solid #0E7FA7; font-weight: bold; color: #fff; background: #35ADD8;\">Fio<\/td>\n<td style=\"background: #35ADD8; color: #fff;\">4mm<\/td>\n<\/tr>\n<tr style=\"border-bottom: 2.5px solid #0E7FA7;\">\n<td style=\"border-right: 3px solid #0E7FA7; font-weight: bold; color: #fff; background: #35ADD8;\">Kg\/Fardo<\/td>\n<td style=\"background: #35ADD8; color: #fff;\">2 kg<\/td>\n<\/tr>\n<\/tbody>\n<\/table>\n<p>[\/vc_column_text][\/vc_column][\/vc_row][vc_row content_placement=&#8221;middle&#8221;][vc_column width=&#8221;1\/2&#8243;][vc_column_text]<span style=\"color: #006285 !important; font-size: 2em;\">Solicitar<\/span> <span style=\"font-weight: 900; font-size: 2em; color: #002453; text-align: center;\"> Or\u00e7amento<\/span>[\/vc_column_text][vc_column_text]Desejar solicitar mais informa\u00e7\u00f5es? Preencha o formul\u00e1rio abaixo ou entre em contato por meios dos nossos canais de comunica\u00e7\u00e3o.[\/vc_column_text]<div role=\"form\" class=\"wpcf7\" id=\"wpcf7-f1163-o1\" lang=\"en-US\" dir=\"ltr\">\n<div class=\"screen-reader-response\"><p role=\"status\" aria-live=\"polite\" aria-atomic=\"true\"><\/p> <ul><\/ul><\/div>\n<form action=\"\/redeconfio\/wp-json\/wp\/v2\/pages\/1177#wpcf7-f1163-o1\" method=\"post\" class=\"wpcf7-form init\" novalidate=\"novalidate\" data-status=\"init\">\n<div style=\"display: none;\">\n<input type=\"hidden\" name=\"_wpcf7\" value=\"1163\" \/>\n<input type=\"hidden\" name=\"_wpcf7_version\" value=\"5.5.3\" \/>\n<input type=\"hidden\" name=\"_wpcf7_locale\" value=\"en_US\" \/>\n<input type=\"hidden\" name=\"_wpcf7_unit_tag\" value=\"wpcf7-f1163-o1\" \/>\n<input type=\"hidden\" name=\"_wpcf7_container_post\" value=\"0\" \/>\n<input type=\"hidden\" name=\"_wpcf7_posted_data_hash\" value=\"\" \/>\n<\/div>\n<div class=\"contact_us\">\n<div class=\"flex\">\n<div class='itm row' ><span class=\"wpcf7-form-control-wrap your-name\"><input type=\"text\" name=\"your-name\" value=\"\" size=\"40\" class=\"wpcf7-form-control wpcf7-text wpcf7-validates-as-required\" aria-required=\"true\" aria-invalid=\"false\" placeholder=\"Seu Nome*\" \/><\/span><\/div>\n<div class='itm row'><span class=\"wpcf7-form-control-wrap your-email\"><input type=\"email\" name=\"your-email\" value=\"\" size=\"40\" class=\"wpcf7-form-control wpcf7-text wpcf7-email wpcf7-validates-as-required wpcf7-validates-as-email\" aria-required=\"true\" aria-invalid=\"false\" placeholder=\"Seu email*\" \/><\/span><\/div>\n<\/div>\n<div class=''><span class=\"wpcf7-form-control-wrap your-message\"><textarea name=\"your-message\" cols=\"40\" rows=\"10\" class=\"wpcf7-form-control wpcf7-textarea wpcf7-validates-as-required\" aria-required=\"true\" aria-invalid=\"false\" placeholder=\"Mensagem*\"><\/textarea><\/span><\/div>\n<div><span class=\"wpcf7-form-control-wrap acceptance-157\"><span class=\"wpcf7-form-control wpcf7-acceptance\"><span class=\"wpcf7-list-item\"><label><input type=\"checkbox\" name=\"acceptance-157\" value=\"1\" aria-invalid=\"false\" \/><span class=\"wpcf7-list-item-label\">eu concordo que meus dados enviados est\u00e3o sendo coletados e armazenados.<\/span><\/label><\/span><\/span><\/span><\/div>\n<div class=\"sc_form_field sc_form_field_button sc_form_field_submit\">\n<p><input type=\"submit\" value=\"Solicitar Or\u00e7amento\" class=\"wpcf7-form-control has-spinner wpcf7-submit\" \/><\/p><\/div>\n<\/div>\n<div class=\"wpcf7-response-output\" aria-hidden=\"true\"><\/div><\/form><\/div>[\/vc_column][vc_column width=&#8221;1\/2&#8243;][vc_single_image image=&#8221;1492&#8243; img_size=&#8221;full&#8221; alignment=&#8221;center&#8221;][\/vc_column][\/vc_row]<\/p>\n","protected":false},"excerpt":{"rendered":"<p>[vc_row][vc_column][vc_single_image image=&#8221;1666&#8243; img_size=&#8221;full&#8221;][\/vc_column][\/vc_row][vc_row][vc_column][vc_column_text css=&#8221;.vc_custom_1638496119960{padding-top: 2em !important;}&#8221;]uma empresa do grupo lahuman[\/vc_column_text][\/vc_column][\/vc_row][vc_row][vc_column][vc_column_text]Rede Residencial[\/vc_column_text][\/vc_column][\/vc_row][vc_row css=&#8221;.vc_custom_1638496235636{padding-bottom: 2em !important;}&#8221;][vc_column][vc_column_text]Para fins residenciais, como a instala\u00e7\u00e3o em janelas e\/ou sacadas de apartamentos, piscinas, escadas e playgrounds.[\/vc_column_text][\/vc_column][\/vc_row][vc_row css=&#8221;.vc_custom_1638496257507{padding-bottom: 2em !important;}&#8221;][vc_column width=&#8221;1\/3&#8243;][vc_column_text] Rede Malha 5 &#8211; Dados t\u00e9cnicos Material Polietileno Cores Areia, Cristal, Marrom, Prata e Preto Largura 7 metros Comprimento 35 metros Quantidade 1 fardo Peso (m\u00b2) 30\/22&hellip;<\/p>\n","protected":false},"author":1,"featured_media":0,"parent":0,"menu_order":0,"comment_status":"closed","ping_status":"closed","template":"","meta":{"footnotes":""},"class_list":["post-1177","page","type-page","status-publish","hentry"],"_links":{"self":[{"href":"https:\/\/clientestrafego.com.br\/redeconfio\/wp-json\/wp\/v2\/pages\/1177","targetHints":{"allow":["GET"]}}],"collection":[{"href":"https:\/\/clientestrafego.com.br\/redeconfio\/wp-json\/wp\/v2\/pages"}],"about":[{"href":"https:\/\/clientestrafego.com.br\/redeconfio\/wp-json\/wp\/v2\/types\/page"}],"author":[{"embeddable":true,"href":"https:\/\/clientestrafego.com.br\/redeconfio\/wp-json\/wp\/v2\/users\/1"}],"replies":[{"embeddable":true,"href":"https:\/\/clientestrafego.com.br\/redeconfio\/wp-json\/wp\/v2\/comments?post=1177"}],"version-history":[{"count":32,"href":"https:\/\/clientestrafego.com.br\/redeconfio\/wp-json\/wp\/v2\/pages\/1177\/revisions"}],"predecessor-version":[{"id":2030,"href":"https:\/\/clientestrafego.com.br\/redeconfio\/wp-json\/wp\/v2\/pages\/1177\/revisions\/2030"}],"wp:attachment":[{"href":"https:\/\/clientestrafego.com.br\/redeconfio\/wp-json\/wp\/v2\/media?parent=1177"}],"curies":[{"name":"wp","href":"https:\/\/api.w.org\/{rel}","templated":true}]}}